{"id":588,"date":"2024-01-23T10:11:26","date_gmt":"2024-01-23T09:11:26","guid":{"rendered":"http:\/\/medicaldevicedevelopment.services\/?page_id=588"},"modified":"2024-01-23T10:11:26","modified_gmt":"2024-01-23T09:11:26","slug":"politique-de-confidentialite","status":"publish","type":"page","link":"https:\/\/medicaldevicedevelopment.services\/index.php\/politique-de-confidentialite\/","title":{"rendered":"Politique de confidentialit\u00e9"},"content":{"rendered":"<p style=\"text-align: center;\"><strong>Politique de confidentialit\u00e9 <\/strong><strong>PROTOMED<\/strong><\/p>\n<p style=\"text-align: center;\"><strong>01 Janvier 2024<\/strong><\/p>\n<p>PROTOMED est attach\u00e9e \u00e0 la protection de la vie priv\u00e9e de ses internautes et utilisateurs.<\/p>\n<p>La pr\u00e9sente Politique de confidentialit\u00e9 a pour objet d\u2019informer et de pr\u00e9senter aux prospects, internautes et candidats (ci-apr\u00e8s d\u00e9sign\u00e9 \u00ab\u00a0<strong>l\u2019Internaute<\/strong> \u00bb) la mani\u00e8re dont PROTOMED traite les donn\u00e9es personnelles collect\u00e9es en qualit\u00e9 de responsable de traitement dans le cadre de l\u2019utilisation de son site internet.<\/p>\n<p>Les coordonn\u00e9es de PROTOMED figurent dans les mentions l\u00e9gales.<\/p>\n<p>Pour la bonne compr\u00e9hension de la pr\u00e9sente Politique de confidentialit\u00e9, nous avons d\u00e9fini les termes suivants\u00a0:<\/p>\n<p>&nbsp;<\/p>\n<h1>1.\u00a0\u00a0\u00a0\u00a0\u00a0\u00a0 Description des traitements\u00a0: quels traitements de donn\u00e9es personnelles et pourquoi\u00a0?<\/h1>\n<p>PROTOMED collecte et traite les donn\u00e9es personnelles des Internautes comme suit\u00a0:<\/p>\n<h2>\u00d8\u00a0 Donn\u00e9es personnelles collect\u00e9es par l\u2019interm\u00e9diaire du formulaire de contact<\/h2>\n<table width=\"100%\">\n<tbody>\n<tr>\n<td width=\"21%\"><strong><u>Objet du traitement<\/u><\/strong><\/td>\n<td width=\"78%\"><strong><u>Suivi des demandes envoy\u00e9es via le formulaire de contact<\/u><\/strong><\/td>\n<\/tr>\n<tr>\n<td width=\"21%\"><strong>Donn\u00e9es personnelles collect\u00e9es<\/strong><\/td>\n<td width=\"78%\">Nom, pr\u00e9noms, adresse email<\/p>\n<p>Contenu de la demande<\/td>\n<\/tr>\n<tr>\n<td width=\"21%\"><strong>Finalit\u00e9s du traitement<\/strong><\/td>\n<td width=\"78%\">Gestion des <strong>demandes d\u2019information<\/strong> et suivi de la relation<\/p>\n<p><strong>Recontacter<\/strong> l\u2019Internaute<\/td>\n<\/tr>\n<tr>\n<td width=\"21%\"><strong>Base l\u00e9gale<\/strong><\/td>\n<td width=\"78%\"><strong>Int\u00e9r\u00eats l\u00e9gitimes<\/strong> de PROTOMED dans le cadre de son activit\u00e9 commerciale et de prospection<\/td>\n<\/tr>\n<tr>\n<td width=\"21%\"><strong>Dur\u00e9e de conservation <\/strong><\/td>\n<td width=\"78%\">Conservation pendant <strong>3 ans<\/strong> \u00e0 compter du dernier contact \u00e9manant du Prospect sauf opposition de celui-ci.<\/td>\n<\/tr>\n<\/tbody>\n<\/table>\n<p>Le caract\u00e8re obligatoire ou facultatif de la saisine des donn\u00e9es est pr\u00e9cis\u00e9 lors de la collecte. La communication obligatoire de certaines donn\u00e9es personnelles est n\u00e9cessaire \u00e0 PROTOMED pour mettre en \u0153uvre les finalit\u00e9s ci-avant pr\u00e9cis\u00e9es.<\/p>\n<p>&nbsp;<\/p>\n<h2>\u00d8\u00a0 Donn\u00e9es personnelles collect\u00e9es \u00e0 des fins de prospection<\/h2>\n<table width=\"100%\">\n<tbody>\n<tr>\n<td width=\"21%\"><strong><u>Objet du traitement<\/u><\/strong><\/td>\n<td width=\"78%\"><strong><u>Prospection<\/u><\/strong><\/td>\n<\/tr>\n<tr>\n<td width=\"21%\"><strong>Donn\u00e9es personnelles collect\u00e9es<\/strong><\/td>\n<td width=\"78%\">Civilit\u00e9, nom, pr\u00e9noms, t\u00e9l\u00e9phone, fonction, adresse email<\/p>\n<p>Demandes d\u2019informations et \u00e9changes<\/td>\n<\/tr>\n<tr>\n<td width=\"21%\"><strong>Finalit\u00e9s du traitement<\/strong><\/td>\n<td width=\"78%\"><strong>Envoi d\u2019emails<\/strong> d\u2019informations ou promotionnels<\/p>\n<p>Constitution d\u2019un <strong>fichier de contacts<\/strong><\/p>\n<p>Gestion des <strong>demandes d\u2019information<\/strong> et suivi de la relation<\/p>\n<p><strong>Recontacter<\/strong> le prospect<\/p>\n<p>R\u00e9alisation d\u2019<strong>\u00e9tudes<\/strong> statistiques concernant les prospects<\/td>\n<\/tr>\n<tr>\n<td width=\"21%\"><strong>Base l\u00e9gale<\/strong><\/td>\n<td width=\"78%\"><strong>Int\u00e9r\u00eats l\u00e9gitimes<\/strong> de PROTOMED dans le cadre de son activit\u00e9 commerciale et de prospection<\/td>\n<\/tr>\n<tr>\n<td width=\"21%\"><strong>Dur\u00e9e de conservation <\/strong><\/td>\n<td width=\"78%\">Conservation pendant <strong>3 ans<\/strong> \u00e0 compter du dernier contact \u00e9manant du prospect sauf opposition de celui-ci.<\/td>\n<\/tr>\n<\/tbody>\n<\/table>\n<p>Le caract\u00e8re obligatoire ou facultatif de la saisine des donn\u00e9es est pr\u00e9cis\u00e9 lors de la collecte. La communication obligatoire de certaines donn\u00e9es personnelles est n\u00e9cessaire \u00e0 PROTOMED pour mettre en \u0153uvre les finalit\u00e9s ci-avant pr\u00e9cis\u00e9es.<\/p>\n<p>&nbsp;<\/p>\n<h2>\u00d8\u00a0 Donn\u00e9es personnelles collect\u00e9es par l\u2019interm\u00e9diaire des cookies et traceurs<\/h2>\n<p>Des donn\u00e9es concernant l\u2019Internaute pourront \u00eatre collect\u00e9es par le biais des cookies et traceurs utilis\u00e9s sur le pr\u00e9sent site internet \u00e9dit\u00e9 par PROTOMED dans les conditions explicit\u00e9es ici<\/p>\n<p>&nbsp;<\/p>\n<h2>\u00d8\u00a0 Donn\u00e9es personnelles collect\u00e9es par l\u2019interm\u00e9diaire du formulaire de candidature ou d\u2019une offre d\u2019emploi<\/h2>\n<table width=\"100%\">\n<tbody>\n<tr>\n<td width=\"20%\"><strong><u>Objet du traitement<\/u><\/strong><\/td>\n<td width=\"79%\"><strong><u>Envoi d\u2019une candidature ou r\u00e9ponse \u00e0 une offre d\u2019emploi<\/u><\/strong><\/td>\n<\/tr>\n<tr>\n<td width=\"20%\"><strong>Donn\u00e9es personnelles collect\u00e9es<\/strong><\/td>\n<td width=\"79%\">Nom et pr\u00e9nom, donn\u00e9es de contact professionnelles ou personnelles, adresse, num\u00e9ro de t\u00e9l\u00e9phone, adresse email, donn\u00e9es relatives \u00e0 la vie professionnelle (CV, habilitations)\u00a0;<\/p>\n<p>Donn\u00e9es relatives \u00e0 la vie professionnelle, par exemple date et lieu de naissance ou situation familiale (facultatif)\u00a0;<\/p>\n<p>Poste vis\u00e9, message<\/td>\n<\/tr>\n<tr>\n<td width=\"20%\"><strong>Finalit\u00e9s du traitement<\/strong><\/td>\n<td width=\"79%\">Recherche de <strong>profils<\/strong> pertinents (candidature spontan\u00e9e et r\u00e9ponse \u00e0 une offre d\u2019emploi)<\/p>\n<p>Gestion des <strong>proc\u00e9dures<\/strong> <strong>de recrutement<\/strong> en lien avec les hi\u00e9rarchies des candidats \u00e0 recruter\u00a0: r\u00e9ception et enregistrement des candidatures adress\u00e9es \u00e0 PROTOMED, pr\u00e9s\u00e9lection des candidats, tri et classement des CV et des lettres de motivation, r\u00e9ponses aux candidats \u00e0 un emploi ou \u00e0 un stage, accomplir les formalit\u00e9s obligatoires et alimenter le dossier administratif des candidats retenus<\/td>\n<\/tr>\n<tr>\n<td width=\"20%\"><strong>Base l\u00e9gale<\/strong><\/td>\n<td width=\"79%\"><strong>Int\u00e9r\u00eats l\u00e9gitimes<\/strong> de PROTOMED dans le cadre de son activit\u00e9 de recrutement<\/p>\n<p>Ex\u00e9cution des <strong>mesures pr\u00e9contractuelles<\/strong> prises \u00e0 la demande du Candidat (si le Candidat est retenu)<\/td>\n<\/tr>\n<tr>\n<td width=\"20%\"><strong>Dur\u00e9e de conservation et d\u2019archivage<\/strong><\/p>\n<p><strong><u>\u00a0<\/u><\/strong><\/td>\n<td width=\"79%\">Les donn\u00e9es sont conserv\u00e9es pendant la <strong>dur\u00e9e n\u00e9cessaire \u00e0 l\u2019aboutissement du processus de recrutement<\/strong>.<\/p>\n<p><u>Candidat\u00a0retenu<\/u>\u00a0: Les donn\u00e9es seront int\u00e9gr\u00e9es dans son dossier administratif et conserv\u00e9es pendant la dur\u00e9e de conservation applicable \u00e0 celui-ci (soit jusqu\u2019\u00e0 5 ans apr\u00e8s la fin de la relation de travail)<\/p>\n<p><u>Donn\u00e9es du Candidat non retenu<\/u>\u00a0: <strong>3 mois<\/strong> apr\u00e8s la d\u00e9cision de refus de PROTOMED<\/p>\n<p>Les donn\u00e9es concernant les candidats pourront \u00eatre conserv\u00e9es en base d\u2019archivage interm\u00e9diaire \u00e0 des fins probatoires afin de se pr\u00e9munir notamment contre d\u2019\u00e9ventuelles actions pour discrimination, pour une dur\u00e9e de <strong>5 ans<\/strong> \u00e0 compter de la cl\u00f4ture du processus de recrutement.<\/td>\n<\/tr>\n<\/tbody>\n<\/table>\n<p>Le caract\u00e8re obligatoire ou facultatif de la saisine des donn\u00e9es est pr\u00e9cis\u00e9 lors de la collecte. La communication obligatoire de certaines donn\u00e9es personnelles est n\u00e9cessaire \u00e0 PROTOMED pour mettre en \u0153uvre les finalit\u00e9s ci-avant pr\u00e9cis\u00e9es.<\/p>\n<p>&nbsp;<\/p>\n<h1>2.\u00a0\u00a0\u00a0\u00a0\u00a0\u00a0 Destinataires des donn\u00e9es personnelles<\/h1>\n<p><strong>Responsable de traitement<\/strong> : le responsable du traitement de ces donn\u00e9es est la soci\u00e9t\u00e9 PROTOMED, dont les coordonn\u00e9es compl\u00e8tes figurent dans les mentions l\u00e9gales du site internet.<\/p>\n<p><strong>Destinataires<\/strong>\u00a0: dans le respect des finalit\u00e9s expos\u00e9es ci-dessus, les donn\u00e9es personnelles de l\u2019Internaute pourront \u00eatre communiqu\u00e9es au personnel de PROTOMED en charge de la gestion commerciale et aux fournisseurs techniques de PROTOMED agissant en qualit\u00e9 de sous-traitants (h\u00e9bergeur, fournisseur de messagerie, outils de gestion et prestataires marketing), et le cas \u00e9ch\u00e9ant, \u00e0 ses conseils.<\/p>\n<p>Concernant les candidats, dans le respect des finalit\u00e9s expos\u00e9es ci-dessus, les donn\u00e9es personnelles pourront \u00eatre communiqu\u00e9es au personnel de PROTOMED en charge du recrutement et le cas \u00e9ch\u00e9ant le manager du poste vis\u00e9 et aux fournisseurs techniques de PROTOMED agissant en qualit\u00e9 de sous-traitants (h\u00e9bergeur, fournisseur de messagerie, outil de gestion du recrutement), et le cas \u00e9ch\u00e9ant, \u00e0 ses conseils.<\/p>\n<p>En cas d\u2019issue positive au processus de recrutement, afin de finaliser le recrutement, le service des ressources humaines sera amen\u00e9 \u00e0 transmettre certaines des informations recueillies aux organismes inform\u00e9es de l\u2019embauche (notamment assurance-ch\u00f4mage, assurance-maladie, retraite, mutuelle).<\/p>\n<p>&nbsp;<\/p>\n<h1>3.\u00a0\u00a0\u00a0\u00a0\u00a0\u00a0 Droits de l\u2019Internaute sur ses donn\u00e9es personnelles<\/h1>\n<p>Les personnes dont les donn\u00e9es sont collect\u00e9es par PROTOMED disposent \u00e0 tout moment, des droits suivants sur leurs donn\u00e9es personnelles\u00a0:<\/p>\n<ul>\n<li><strong>Droit d\u2019acc\u00e8s<\/strong>: obtenir la confirmation du traitement de ses donn\u00e9es personnelles ainsi qu\u2019un certain nombre d\u2019informations sur les traitements, \u00e9tant entendu que ces informations sont en tout \u00e9tat de cause donn\u00e9es dans la pr\u00e9sente politique de protection des donn\u00e9es personnelles\u00a0;<\/li>\n<li><strong>Droit de rectification<\/strong>: obtenir la rectification de ses donn\u00e9es personnelles lorsqu\u2019elles sont inexactes ou incompl\u00e8tes\u00a0;<\/li>\n<li><strong>Droit \u00e0 l\u2019effacement<\/strong> (\u00ab\u00a0droit \u00e0 l\u2019oubli\u00a0\u00bb) : obtenir l\u2019effacement de ses donn\u00e9es personnelles lorsqu\u2019elles ne sont plus n\u00e9cessaires au regard des finalit\u00e9s pour lesquelles elles ont \u00e9t\u00e9 collect\u00e9es ou en cas d\u2019opposition au traitement de leurs donn\u00e9es personnelles.<\/li>\n<\/ul>\n<p>Le droit \u00e0 l\u2019effacement n\u2019est pas opposable dans les cas pr\u00e9vus \u00e0 l\u2019article 17.3 du RGPD.\u00a0En particulier, ce droit n\u2019est pas ouvert tant que l\u2019Internaute souhaite utiliser la solution et b\u00e9n\u00e9ficier des services souscrits, ces donn\u00e9es personnelles \u00e9tant n\u00e9cessaires \u00e0 PROTOMED pour la gestion du contrat et la fourniture du service.<\/p>\n<ul>\n<li><strong>Droit \u00e0 la limitation du traitement<\/strong> : obtenir la limitation du traitement de ses donn\u00e9es personnelles notamment en cas de contestation de l\u2019exactitude des donn\u00e9es, lorsque le d\u00e9lai de conservation des donn\u00e9es est arriv\u00e9 \u00e0 son terme mais que la personne dont les donn\u00e9es sont trait\u00e9es a encore besoin de conserver ces donn\u00e9es personnelles pour la constatation, l\u2019exercice ou la d\u00e9fense d\u2019un droit en justice ;<\/li>\n<li><strong>Droit \u00e0 la portabilit\u00e9<\/strong> : obtenir la communication des donn\u00e9es personnelles communiqu\u00e9es \u00e0 PROTOMED dans un format lisible, ou demander \u00e0 PROTOMED qu\u2019elle transmette les donn\u00e9es personnelles communiqu\u00e9es \u00e0 un autre responsable de traitement\u00a0;<\/li>\n<li><strong>Droit d\u2019opposition<\/strong> : s\u2019opposer \u00e0 tout moment, pour des motifs tenant \u00e0 sa situation personnelle, aux traitements de ses donn\u00e9es personnelles bas\u00e9s sur l\u2019int\u00e9r\u00eat l\u00e9gitime de PROTOMED, sauf motif imp\u00e9rieux de PROTOMED\u00a0;<\/li>\n<li><strong>Droit de retirer son consentement<\/strong>: retirer son consentement pour les traitements de donn\u00e9es bas\u00e9s sur celui-ci, le retrait du consentement \u00e9tant applicable pour l\u2019avenir\u00a0;<\/li>\n<li><strong>Droit d\u2019introduire une r\u00e9clamation<\/strong> : introduire une r\u00e9clamation aupr\u00e8s de la Commission Nationale de l\u2019Informatique et des Libert\u00e9s si la personne dont les donn\u00e9es sont trait\u00e9es consid\u00e8re que le traitement op\u00e9r\u00e9 par PROTOMED constitue une violation de ses donn\u00e9es personnelles\u00a0;<\/li>\n<li><strong>Droit de d\u00e9finir les directives relatives au sort de ses donn\u00e9es personnelles apr\u00e8s sa mort.<\/strong><\/li>\n<\/ul>\n<p>Ces droits peuvent \u00eatre exerc\u00e9s \u00e0 tout moment aupr\u00e8s de PROTOMED\u00a0:<\/p>\n<ul>\n<li>Par email \u00e0 l\u2019adresse suivante\u00a0: rgpd[at]protomed.fr<\/li>\n<li>Par voie postale \u00e0 l\u2019adresse suivante : 20 rue de Molsheim 67000 Strasbourg<\/li>\n<\/ul>\n","protected":false},"excerpt":{"rendered":"<p>Politique de confidentialit\u00e9 PROTOMED 01 Janvier 2024 PROTOMED est attach\u00e9e \u00e0 la protection de la vie priv\u00e9e de ses internautes et utilisateurs. La pr\u00e9sente Politique de confidentialit\u00e9 a pour objet d\u2019informer et de pr\u00e9senter aux prospects, internautes et candidats (ci-apr\u00e8s [&hellip;]<\/p>\n","protected":false},"author":1,"featured_media":0,"parent":0,"menu_order":0,"comment_status":"closed","ping_status":"closed","template":"","meta":{"footnotes":""},"_links":{"self":[{"href":"https:\/\/medicaldevicedevelopment.services\/index.php\/wp-json\/wp\/v2\/pages\/588"}],"collection":[{"href":"https:\/\/medicaldevicedevelopment.services\/index.php\/wp-json\/wp\/v2\/pages"}],"about":[{"href":"https:\/\/medicaldevicedevelopment.services\/index.php\/wp-json\/wp\/v2\/types\/page"}],"author":[{"embeddable":true,"href":"https:\/\/medicaldevicedevelopment.services\/index.php\/wp-json\/wp\/v2\/users\/1"}],"replies":[{"embeddable":true,"href":"https:\/\/medicaldevicedevelopment.services\/index.php\/wp-json\/wp\/v2\/comments?post=588"}],"version-history":[{"count":1,"href":"https:\/\/medicaldevicedevelopment.services\/index.php\/wp-json\/wp\/v2\/pages\/588\/revisions"}],"predecessor-version":[{"id":589,"href":"https:\/\/medicaldevicedevelopment.services\/index.php\/wp-json\/wp\/v2\/pages\/588\/revisions\/589"}],"wp:attachment":[{"href":"https:\/\/medicaldevicedevelopment.services\/index.php\/wp-json\/wp\/v2\/media?parent=588"}],"curies":[{"name":"wp","href":"https:\/\/api.w.org\/{rel}","templated":true}]}}